{"id":4046,"date":"2025-05-17T17:06:26","date_gmt":"2025-05-17T17:06:26","guid":{"rendered":"https:\/\/qrandpay.com\/?page_id=4046"},"modified":"2025-09-12T16:45:36","modified_gmt":"2025-09-12T16:45:36","slug":"qrreview","status":"publish","type":"page","link":"https:\/\/qrandpay.com\/lt\/qrreview\/","title":{"rendered":"QR&amp;REVIEW"},"content":{"rendered":"<div data-elementor-type=\"wp-page\" data-elementor-id=\"4046\" class=\"elementor elementor-4046\">\n\t\t\t\t<div class=\"elementor-element elementor-element-2f8c8e12 e-con-full e-flex e-con e-parent\" data-id=\"2f8c8e12\" data-element_type=\"container\">\n\t\t<div class=\"elementor-element elementor-element-69b1770f e-con-full e-flex e-con e-child\" data-id=\"69b1770f\" data-element_type=\"container\">\n\t\t<div class=\"elementor-element elementor-element-38de1b56 e-con-full e-flex e-con e-child\" data-id=\"38de1b56\" data-element_type=\"container\">\n\t\t<div class=\"elementor-element elementor-element-3a5bbe82 e-con-full e-flex e-con e-child\" data-id=\"3a5bbe82\" data-element_type=\"container\">\n\t\t\t\t<div class=\"elementor-element elementor-element-6452641a elementor-widget elementor-widget-spacer\" data-id=\"6452641a\" data-element_type=\"widget\" data-widget_type=\"spacer.default\">\n\t\t\t\t<div class=\"elementor-widget-container\">\n\t\t\t\t\t\t\t<div class=\"elementor-spacer\">\n\t\t\t<div class=\"elementor-spacer-inner\"><\/div>\n\t\t<\/div>\n\t\t\t\t\t\t<\/div>\n\t\t\t\t<\/div>\n\t\t\t\t<div class=\"elementor-element elementor-element-15b6076d wgl-curve-yes appear_anim-yes aleft elementor-widget elementor-widget-wgl-double-heading\" data-id=\"15b6076d\" data-element_type=\"widget\" data-widget_type=\"wgl-double-heading.default\">\n\t\t\t\t<div class=\"elementor-widget-container\">\n\t\t\t\t\t<div class=\"wgl-double-heading\"><div class=\"dblh__subtitle\"><span class=\"wgl-curve-wrapper\"><svg class=\"wgl-curve\" width=\"60\" height=\"65\" viewbox=\"0 0 60 65\" fill=\"none\" xmlns=\"http:\/\/www.w3.org\/2000\/svg\" style=\"opacity: 1;\"><path d=\"M4 50.3738C6.33188 44.3776 11.3965 38.6251 15.5556 33.8183C24.367 23.6346 34.1732 12.2168 45.5556 4.81827C52.2417 0.472251 45.228 14.7829 44.6667 16.2627C39.1895 30.7025 30.3031 44.0202 25.4444 58.5961C25.2768 59.0991 24.863 59.6829 25.1111 60.1516C25.7127 61.2879 26.9245 58.3126 27.6667 57.2627C31.5692 51.742 35.258 46.0383 38.9444 40.3738C39.5538 39.4376 52.5073 16.683 54.7778 17.8183C57.6632 19.261 46.2229 40.934 44.8889 43.0961C41.5948 48.4348 47.1912 44.6505 50 43.3738\" stroke=\"unset\" stroke-linecap=\"round\"\/><\/svg><\/span>Paverskite kiekvien\u0105 klient\u0105 5 \u017evaig\u017edu\u010di\u0173 atsiliepimu.<\/div><h3 class=\"dblh__title-wrapper\"><span class=\"dblh__title dblh__title-1\"><span>Gaukite daugiau atsiliepim\u0173 vienu bakstel\u0117jimu.<\/span><\/span><\/h3><\/div>\t\t\t\t<\/div>\n\t\t\t\t<\/div>\n\t\t\t\t<div class=\"elementor-element elementor-element-1f280293 has-icon_size_animation aleft elementor-widget-icon-box wgl-icon-box elementor-widget elementor-widget-wgl-button\" data-id=\"1f280293\" data-element_type=\"widget\" data-widget_type=\"wgl-button.default\">\n\t\t\t\t<div class=\"elementor-widget-container\">\n\t\t\t\t\t<a class=\"wgl-button btn-size-xl\" href=\"https:\/\/qrandpay.com\/lt\/contacts\/\" role=\"button\"><div class=\"button__content align-icon-right\"><span class=\"media-wrapper icon-wrapper\"><span class=\"wgl-icon\" ><i class=\"icon elementor-icon wglicon wglicon-forward\" aria-hidden=\"true\"><\/i><\/span><\/span><span class=\"button__text\">Prad\u0117kite<\/span><\/div><\/a>\t\t\t\t<\/div>\n\t\t\t\t<\/div>\n\t\t\t\t<div class=\"elementor-element elementor-element-5c4058e6 elementor-widget elementor-widget-spacer\" data-id=\"5c4058e6\" data-element_type=\"widget\" data-widget_type=\"spacer.default\">\n\t\t\t\t<div class=\"elementor-widget-container\">\n\t\t\t\t\t\t\t<div class=\"elementor-spacer\">\n\t\t\t<div class=\"elementor-spacer-inner\"><\/div>\n\t\t<\/div>\n\t\t\t\t\t\t<\/div>\n\t\t\t\t<\/div>\n\t\t\t\t<\/div>\n\t\t\t\t<\/div>\n\t\t<div class=\"elementor-element elementor-element-6a203b2 e-con-full e-flex e-con e-child\" data-id=\"6a203b2\" data-element_type=\"container\">\n\t\t\t\t<div class=\"elementor-element elementor-element-71df375 elementor-widget elementor-widget-wgl-image-layers\" data-id=\"71df375\" data-element_type=\"widget\" data-widget_type=\"wgl-image-layers.default\">\n\t\t\t\t<div class=\"elementor-widget-container\">\n\t\t\t\t\t<div class=\"wgl-image-layers\"><div class=\"img-layer_image-wrapper elementor-repeater-item-fcc1324\" style=\"z-index: 1\">\r\n                <div class=\"img-layer_item\">\r\n                    <div class=\"img-layer_image\" style=\"transition-delay: 500ms;\">\r\n                        <img decoding=\"async\" src=\"https:\/\/qrandpay.com\/wp-content\/uploads\/2024\/07\/h3-il-1-1.webp\" alt=\"h3-il-1-1\" \/>\r\n                    <\/div>\r\n                <\/div>\r\n            <\/div> <div class=\"img-layer_image-wrapper elementor-repeater-item-fec7d34\" style=\"z-index: 1\">\r\n                <div class=\"img-layer_item\">\r\n                    <div class=\"img-layer_image\" style=\"transition-delay: 1000ms;\">\r\n                        <img decoding=\"async\" src=\"https:\/\/qrandpay.com\/wp-content\/uploads\/2025\/05\/qrandreview_logo.png\" alt=\"qrandreview_logo\" \/>\r\n                    <\/div>\r\n                <\/div>\r\n            <\/div> <div class=\"img-layer_image-wrapper elementor-repeater-item-2e9c7b7\" style=\"z-index: 1\">\r\n                <div class=\"img-layer_item\">\r\n                    <div class=\"img-layer_image\" style=\"transition-delay: 1500ms;\">\r\n                        <img decoding=\"async\" src=\"https:\/\/qrandpay.com\/wp-content\/uploads\/2025\/05\/trustpilot-logo-sml.png\" alt=\"trustpilot-logo-sml\" \/>\r\n                    <\/div>\r\n                <\/div>\r\n            <\/div> <div class=\"img-layer_image-wrapper elementor-repeater-item-381740e\" style=\"z-index: 1\">\r\n                <div class=\"img-layer_item\">\r\n                    <div class=\"img-layer_image\" style=\"transition-delay: 2000ms;\">\r\n                        <img decoding=\"async\" src=\"https:\/\/qrandpay.com\/wp-content\/uploads\/2025\/05\/Tripadvisor-Logo-scaled.png\" alt=\"Tripadvisor-Logo\" \/>\r\n                    <\/div>\r\n                <\/div>\r\n            <\/div> <div class=\"img-layer_image-wrapper elementor-repeater-item-aa1e1c3\" style=\"z-index: 1\">\r\n                <div class=\"img-layer_item\">\r\n                    <div class=\"img-layer_image\" style=\"transition-delay: 2500ms;\">\r\n                        <img decoding=\"async\" src=\"https:\/\/qrandpay.com\/wp-content\/uploads\/2025\/05\/Facebook_logo_square.png\" alt=\"Facebook_logo_(square)\" \/>\r\n                    <\/div>\r\n                <\/div>\r\n            <\/div> <div class=\"img-layer_image-wrapper elementor-repeater-item-972f07a\" style=\"z-index: 1\">\r\n                <div class=\"img-layer_item\">\r\n                    <div class=\"img-layer_image\" style=\"transition-delay: 3000ms;\">\r\n                        <img decoding=\"async\" src=\"https:\/\/qrandpay.com\/wp-content\/uploads\/2025\/05\/Google_Icons-09-512.webp\" alt=\"Google_Icons-09-512\" \/>\r\n                    <\/div>\r\n                <\/div>\r\n            <\/div> <\/div>\t\t\t\t<\/div>\n\t\t\t\t<\/div>\n\t\t\t\t<\/div>\n\t\t\t\t<\/div>\n\t\t\t\t<\/div>\n\t\t<div class=\"elementor-element elementor-element-7f8713c3 e-flex e-con-boxed e-con e-parent\" data-id=\"7f8713c3\" data-element_type=\"container\" data-settings=\"{&quot;background_background&quot;:&quot;classic&quot;}\">\n\t\t\t\t\t<div class=\"e-con-inner\">\n\t\t\t\t<div class=\"elementor-element elementor-element-6eb6af73 acenter wgl-curve-yes appear_anim-yes elementor-widget elementor-widget-wgl-double-heading\" data-id=\"6eb6af73\" data-element_type=\"widget\" data-widget_type=\"wgl-double-heading.default\">\n\t\t\t\t<div class=\"elementor-widget-container\">\n\t\t\t\t\t<div class=\"wgl-double-heading\"><div class=\"dblh__subtitle\"><span class=\"wgl-curve-wrapper\"><svg class=\"wgl-curve\" width=\"60\" height=\"65\" viewbox=\"0 0 60 65\" fill=\"none\" xmlns=\"http:\/\/www.w3.org\/2000\/svg\" style=\"opacity: 1;\"><path d=\"M4 50.3738C6.33188 44.3776 11.3965 38.6251 15.5556 33.8183C24.367 23.6346 34.1732 12.2168 45.5556 4.81827C52.2417 0.472251 45.228 14.7829 44.6667 16.2627C39.1895 30.7025 30.3031 44.0202 25.4444 58.5961C25.2768 59.0991 24.863 59.6829 25.1111 60.1516C25.7127 61.2879 26.9245 58.3126 27.6667 57.2627C31.5692 51.742 35.258 46.0383 38.9444 40.3738C39.5538 39.4376 52.5073 16.683 54.7778 17.8183C57.6632 19.261 46.2229 40.934 44.8889 43.0961C41.5948 48.4348 47.1912 44.6505 50 43.3738\" stroke=\"unset\" stroke-linecap=\"round\"\/><\/svg><\/span>K\u0105 mes si\u016blome<\/div><h3 class=\"dblh__title-wrapper\"><span class=\"dblh__title dblh__title-1\"><span>Savyb\u0117s<\/span><\/span><\/h3><\/div>\t\t\t\t<\/div>\n\t\t\t\t<\/div>\n\t\t\t\t<div class=\"elementor-element elementor-element-6c4981eb elementor-widget elementor-widget-spacer\" data-id=\"6c4981eb\" data-element_type=\"widget\" data-widget_type=\"spacer.default\">\n\t\t\t\t<div class=\"elementor-widget-container\">\n\t\t\t\t\t\t\t<div class=\"elementor-spacer\">\n\t\t\t<div class=\"elementor-spacer-inner\"><\/div>\n\t\t<\/div>\n\t\t\t\t\t\t<\/div>\n\t\t\t\t<\/div>\n\t\t\t\t\t<\/div>\n\t\t\t\t<\/div>\n\t\t<div class=\"elementor-element elementor-element-31f82f7d e-flex e-con-boxed e-con e-parent\" data-id=\"31f82f7d\" data-element_type=\"container\" data-settings=\"{&quot;background_background&quot;:&quot;classic&quot;}\">\n\t\t\t\t\t<div class=\"e-con-inner\">\n\t\t<div class=\"elementor-element elementor-element-515e197b e-con-full e-flex e-con e-child\" data-id=\"515e197b\" data-element_type=\"container\">\n\t\t\t\t<div class=\"elementor-element elementor-element-431a056e wgl-view-default has-icon_size_animation aleft elementor-widget-image-box wgl-image-box elementor-invisible elementor-widget elementor-widget-wgl-info-box\" data-id=\"431a056e\" data-element_type=\"widget\" data-settings=\"{&quot;_animation&quot;:&quot;fadeInUp&quot;,&quot;_animation_delay&quot;:100}\" data-widget_type=\"wgl-info-box.default\">\n\t\t\t\t<div class=\"elementor-widget-container\">\n\t\t\t\t\t<div class=\"wgl-infobox_bg_wrapper\"><\/div><div class=\"wgl-infobox\"><div class=\"wgl-infobox_wrapper wgl-layout-top\"><span class=\"media-wrapper img-wrapper\"><span class=\"wgl-image-box_img\"><span ><img decoding=\"async\" width=\"150\" height=\"150\" src=\"https:\/\/qrandpay.com\/wp-content\/uploads\/2025\/04\/360_F_1027786299_HSO5R4aUymXlx5xtut2PdlvQL7s6cY0I-150x150.png\" class=\"attachment-thumbnail size-thumbnail wp-image-3874\" alt=\"\" srcset=\"https:\/\/qrandpay.com\/wp-content\/uploads\/2025\/04\/360_F_1027786299_HSO5R4aUymXlx5xtut2PdlvQL7s6cY0I-150x150.png 150w, https:\/\/qrandpay.com\/wp-content\/uploads\/2025\/04\/360_F_1027786299_HSO5R4aUymXlx5xtut2PdlvQL7s6cY0I-240x240.png 240w, https:\/\/qrandpay.com\/wp-content\/uploads\/2025\/04\/360_F_1027786299_HSO5R4aUymXlx5xtut2PdlvQL7s6cY0I.png 275w\" sizes=\"(max-width: 150px) 100vw, 150px\" \/><\/span><\/span><\/span><div class=\"content_wrapper\"><div class=\"wgl-infobox-title_wrapper\"><h3 class=\"wgl-infobox_title\"><span class=\"wgl-infobox_title-idle\"><span class=\"elementor-repeater-item-45d4b65\">Veikia su QR ir NFC<\/span><\/span><\/h3><\/div><div class=\"wgl-infobox_content\"><p data-start=\"578\" data-end=\"697\">Klientai gali nuskaityti arba bakstel\u0117ti naudodami savo telefon\u0105. Nereikia joki\u0173 program\u0117li\u0173 ar s\u0105rankos. Tiesiog nuskaitykite \u2192 per\u017ei\u016br\u0117kite.<\/p><p data-start=\"699\" data-end=\"844\">\u00a0<\/p><\/div><\/div><\/div><\/div>\t\t\t\t<\/div>\n\t\t\t\t<\/div>\n\t\t\t\t<\/div>\n\t\t<div class=\"elementor-element elementor-element-a43acd8 e-con-full e-flex e-con e-child\" data-id=\"a43acd8\" data-element_type=\"container\">\n\t\t\t\t<div class=\"elementor-element elementor-element-3aed0779 wgl-view-default has-icon_size_animation aleft elementor-widget-image-box wgl-image-box elementor-invisible elementor-widget elementor-widget-wgl-info-box\" data-id=\"3aed0779\" data-element_type=\"widget\" data-settings=\"{&quot;_animation&quot;:&quot;fadeInUp&quot;,&quot;_animation_delay&quot;:350}\" data-widget_type=\"wgl-info-box.default\">\n\t\t\t\t<div class=\"elementor-widget-container\">\n\t\t\t\t\t<div class=\"wgl-infobox_bg_wrapper\"><\/div><div class=\"wgl-infobox\"><div class=\"wgl-infobox_wrapper wgl-layout-top\"><span class=\"media-wrapper img-wrapper\"><span class=\"wgl-image-box_img\"><span ><img decoding=\"async\" src=\"https:\/\/qrandpay.com\/wp-content\/uploads\/elementor\/thumbs\/Untitled-design-18-r5yb1ivpqy71tlq6ro58oc5wjwzkdvvqpfy4coo91g.png\" title=\"Untitled design (18)\" alt=\"Untitled design (18)\" loading=\"lazy\" \/><\/span><\/span><\/span><div class=\"content_wrapper\"><div class=\"wgl-infobox-title_wrapper\"><h3 class=\"wgl-infobox_title\"><span class=\"wgl-infobox_title-idle\"><span class=\"elementor-repeater-item-45d4b65\">Paruo\u0161tos naudoti kortel\u0117s ir lipdukai\n<\/span><\/span><\/h3><\/div><div class=\"wgl-infobox_content\"><p data-start=\"964\" data-end=\"1108\">Spausdiname ir pristatome paruo\u0161tas naudoti QR\/NFC korteles arba lipdukus. Tiesiog juos u\u017eklijuokite ir prad\u0117kite rinkti atsiliepimus.<\/p><p data-start=\"1110\" data-end=\"1242\">\u00a0<\/p><\/div><\/div><\/div><\/div>\t\t\t\t<\/div>\n\t\t\t\t<\/div>\n\t\t\t\t<\/div>\n\t\t<div class=\"elementor-element elementor-element-1f1d4bb3 e-con-full e-flex e-con e-child\" data-id=\"1f1d4bb3\" data-element_type=\"container\">\n\t\t\t\t<div class=\"elementor-element elementor-element-719a9214 wgl-view-default has-icon_size_animation aleft elementor-widget-image-box wgl-image-box elementor-invisible elementor-widget elementor-widget-wgl-info-box\" data-id=\"719a9214\" data-element_type=\"widget\" data-settings=\"{&quot;_animation&quot;:&quot;fadeInUp&quot;,&quot;_animation_delay&quot;:600}\" data-widget_type=\"wgl-info-box.default\">\n\t\t\t\t<div class=\"elementor-widget-container\">\n\t\t\t\t\t<div class=\"wgl-infobox_bg_wrapper\"><\/div><div class=\"wgl-infobox\"><div class=\"wgl-infobox_wrapper wgl-layout-top\"><span class=\"media-wrapper img-wrapper\"><span class=\"wgl-image-box_img\"><span ><img decoding=\"async\" width=\"150\" height=\"150\" src=\"https:\/\/qrandpay.com\/wp-content\/uploads\/2025\/04\/Rocket-Emoji-150x150.png\" class=\"attachment-thumbnail size-thumbnail wp-image-3980\" alt=\"\" srcset=\"https:\/\/qrandpay.com\/wp-content\/uploads\/2025\/04\/Rocket-Emoji-150x150.png 150w, https:\/\/qrandpay.com\/wp-content\/uploads\/2025\/04\/Rocket-Emoji-300x300.png 300w, https:\/\/qrandpay.com\/wp-content\/uploads\/2025\/04\/Rocket-Emoji-540x540.png 540w, https:\/\/qrandpay.com\/wp-content\/uploads\/2025\/04\/Rocket-Emoji-240x240.png 240w, https:\/\/qrandpay.com\/wp-content\/uploads\/2025\/04\/Rocket-Emoji.png 640w\" sizes=\"(max-width: 150px) 100vw, 150px\" \/><\/span><\/span><\/span><div class=\"content_wrapper\"><div class=\"wgl-infobox-title_wrapper\"><h3 class=\"wgl-infobox_title\"><span class=\"wgl-infobox_title-idle\"><span class=\"elementor-repeater-item-45d4b65\">Momentinis peradresavimas\n<\/span><\/span><\/h3><\/div><div class=\"wgl-infobox_content\"><p data-start=\"433\" data-end=\"576\">Kiekviena kortel\u0117 tiesiogiai nukreipia \u012f j\u016bs\u0173 pasirinkt\u0105 viet\u0105 \u2013 \u201eGoogle Reviews\u201c, j\u016bs\u0173 svetain\u0119, \u201eInstagram\u201c arba bet kur\u012f tinkint\u0105 puslap\u012f.<\/p><p data-start=\"578\" data-end=\"697\">\u00a0<\/p><\/div><\/div><\/div><\/div>\t\t\t\t<\/div>\n\t\t\t\t<\/div>\n\t\t\t\t<\/div>\n\t\t\t\t\t<\/div>\n\t\t\t\t<\/div>\n\t\t\t\t<\/div>","protected":false},"excerpt":{"rendered":"<p>Turn every customer into a 5-star review. Get more reviews with a single tap. Get started What we offer Features Works with QR &amp; NFC Customers can scan or tap with their phone. No apps or setup required. Just scan \u2192 review. Ready-to-Use Cards &amp; Stickers We print and deliver ready-to-use QR\/NFC cards or stickers. [&hellip;]<\/p>","protected":false},"author":1,"featured_media":0,"parent":0,"menu_order":0,"comment_status":"closed","ping_status":"closed","template":"","meta":{"om_disable_all_campaigns":false,"footnotes":""},"class_list":["post-4046","page","type-page","status-publish","hentry"],"aioseo_notices":[],"_links":{"self":[{"href":"https:\/\/qrandpay.com\/lt\/wp-json\/wp\/v2\/pages\/4046","targetHints":{"allow":["GET"]}}],"collection":[{"href":"https:\/\/qrandpay.com\/lt\/wp-json\/wp\/v2\/pages"}],"about":[{"href":"https:\/\/qrandpay.com\/lt\/wp-json\/wp\/v2\/types\/page"}],"author":[{"embeddable":true,"href":"https:\/\/qrandpay.com\/lt\/wp-json\/wp\/v2\/users\/1"}],"replies":[{"embeddable":true,"href":"https:\/\/qrandpay.com\/lt\/wp-json\/wp\/v2\/comments?post=4046"}],"version-history":[{"count":0,"href":"https:\/\/qrandpay.com\/lt\/wp-json\/wp\/v2\/pages\/4046\/revisions"}],"wp:attachment":[{"href":"https:\/\/qrandpay.com\/lt\/wp-json\/wp\/v2\/media?parent=4046"}],"curies":[{"name":"wp","href":"https:\/\/api.w.org\/{rel}","templated":true}]}}