{"id":371,"date":"2024-07-01T15:28:03","date_gmt":"2024-07-01T15:28:03","guid":{"rendered":"https:\/\/wgl-dsites.net\/poity\/?page_id=371"},"modified":"2025-09-15T19:19:28","modified_gmt":"2025-09-15T19:19:28","slug":"contacts","status":"publish","type":"page","link":"https:\/\/qrandpay.com\/lt\/contacts\/","title":{"rendered":"Kontaktai"},"content":{"rendered":"<div data-elementor-type=\"wp-page\" data-elementor-id=\"371\" class=\"elementor elementor-371\">\n\t\t\t\t<div class=\"elementor-element elementor-element-88f91a4 e-flex e-con-boxed e-con e-parent\" data-id=\"88f91a4\" data-element_type=\"container\">\n\t\t\t\t\t<div class=\"e-con-inner\">\n\t\t<div class=\"elementor-element elementor-element-ec0b437 e-con-full e-flex e-con e-child\" data-id=\"ec0b437\" data-element_type=\"container\">\n\t\t\t\t<div class=\"elementor-element elementor-element-f5e1f95 wgl-curve-yes appear_anim-yes aleft elementor-widget elementor-widget-wgl-double-heading\" data-id=\"f5e1f95\" data-element_type=\"widget\" data-widget_type=\"wgl-double-heading.default\">\n\t\t\t\t<div class=\"elementor-widget-container\">\n\t\t\t\t\t<div class=\"wgl-double-heading\"><div class=\"dblh__subtitle\"><span class=\"wgl-curve-wrapper\"><svg class=\"wgl-curve\" width=\"60\" height=\"65\" viewbox=\"0 0 60 65\" fill=\"none\" xmlns=\"http:\/\/www.w3.org\/2000\/svg\" style=\"opacity: 1;\"><path d=\"M4 50.3738C6.33188 44.3776 11.3965 38.6251 15.5556 33.8183C24.367 23.6346 34.1732 12.2168 45.5556 4.81827C52.2417 0.472251 45.228 14.7829 44.6667 16.2627C39.1895 30.7025 30.3031 44.0202 25.4444 58.5961C25.2768 59.0991 24.863 59.6829 25.1111 60.1516C25.7127 61.2879 26.9245 58.3126 27.6667 57.2627C31.5692 51.742 35.258 46.0383 38.9444 40.3738C39.5538 39.4376 52.5073 16.683 54.7778 17.8183C57.6632 19.261 46.2229 40.934 44.8889 43.0961C41.5948 48.4348 47.1912 44.6505 50 43.3738\" stroke=\"unset\" stroke-linecap=\"round\"\/><\/svg><\/span>M\u016bs\u0173 kontaktai<\/div><h3 class=\"dblh__title-wrapper\"><span class=\"dblh__title dblh__title-1\"><span>Susisiekite\n<\/span><\/span><\/h3><\/div>\t\t\t\t<\/div>\n\t\t\t\t<\/div>\n\t\t\t\t<div class=\"elementor-element elementor-element-47556a4 elementor-widget__width-initial elementor-widget elementor-widget-text-editor\" data-id=\"47556a4\" data-element_type=\"widget\" data-widget_type=\"text-editor.default\">\n\t\t\t\t<div class=\"elementor-widget-container\">\n\t\t\t\t\t\t\t\t\t<p class=\"\" data-start=\"77\" data-end=\"191\">Pakalb\u0117kime apie tai, kaip galime pad\u0117ti Jums pagerinti darbuotoj\u0173 savijaut\u0105 ir palengvinti mok\u0117jimus ar arbatpinigi\u0173 davim\u0105 J\u016bs\u0173 komandai.<\/p><p class=\"\" data-start=\"193\" data-end=\"285\">Paskambinkite mums, para\u0161ykite el. lai\u0161k\u0105 arba u\u017epildykite kontaktin\u0119 form\u0105 \u2013 mes visada mielai pad\u0117sime.<\/p>\t\t\t\t\t\t\t\t<\/div>\n\t\t\t\t<\/div>\n\t\t\t\t<\/div>\n\t\t<div class=\"elementor-element elementor-element-f0973f2 e-con-full e-flex e-con e-child\" data-id=\"f0973f2\" data-element_type=\"container\">\n\t\t<div class=\"elementor-element elementor-element-d41c579 e-con-full e-flex e-con e-child\" data-id=\"d41c579\" data-element_type=\"container\">\n\t\t\t\t<div class=\"elementor-element elementor-element-b49715a aleft elementor-widget elementor-widget-wgl-double-heading\" data-id=\"b49715a\" data-element_type=\"widget\" data-widget_type=\"wgl-double-heading.default\">\n\t\t\t\t<div class=\"elementor-widget-container\">\n\t\t\t\t\t<div class=\"wgl-double-heading\"><h3 class=\"dblh__title-wrapper\"><span class=\"dblh__title dblh__title-1\"><span>Bendrieji klausimai\n<\/span><\/span><\/h3><\/div>\t\t\t\t<\/div>\n\t\t\t\t<\/div>\n\t\t\t\t<\/div>\n\t\t\t\t<div class=\"elementor-element elementor-element-27bc10f aleft elementor-widget elementor-widget-wgl-button\" data-id=\"27bc10f\" data-element_type=\"widget\" data-widget_type=\"wgl-button.default\">\n\t\t\t\t<div class=\"elementor-widget-container\">\n\t\t\t\t\t<a class=\"wgl-button btn-size-xl\" href=\"mailto:hello@qrandpay.com\" role=\"button\"><div class=\"button__content\"><span class=\"button__text\">hello@QrandPay.com<\/span><\/div><\/a>\t\t\t\t<\/div>\n\t\t\t\t<\/div>\n\t\t\t\t<div class=\"elementor-element elementor-element-9cd43c5 elementor-widget elementor-widget-spacer\" data-id=\"9cd43c5\" data-element_type=\"widget\" data-widget_type=\"spacer.default\">\n\t\t\t\t<div class=\"elementor-widget-container\">\n\t\t\t\t\t\t\t<div class=\"elementor-spacer\">\n\t\t\t<div class=\"elementor-spacer-inner\"><\/div>\n\t\t<\/div>\n\t\t\t\t\t\t<\/div>\n\t\t\t\t<\/div>\n\t\t\t\t<\/div>\n\t\t\t\t\t<\/div>\n\t\t\t\t<\/div>\n\t\t<div class=\"elementor-element elementor-element-0b6b3b2 e-flex e-con-boxed e-con e-parent\" data-id=\"0b6b3b2\" data-element_type=\"container\">\n\t\t\t\t\t<div class=\"e-con-inner\">\n\t\t<div class=\"elementor-element elementor-element-c6c77a2 e-con-full e-flex e-con e-child\" data-id=\"c6c77a2\" data-element_type=\"container\">\n\t\t<div class=\"elementor-element elementor-element-57252be e-con-full e-flex e-con e-child\" data-id=\"57252be\" data-element_type=\"container\" data-settings=\"{&quot;background_background&quot;:&quot;classic&quot;}\">\n\t\t\t\t<div class=\"elementor-element elementor-element-c0b83cd aleft elementor-widget elementor-widget-wgl-double-heading\" data-id=\"c0b83cd\" data-element_type=\"widget\" data-widget_type=\"wgl-double-heading.default\">\n\t\t\t\t<div class=\"elementor-widget-container\">\n\t\t\t\t\t<div class=\"wgl-double-heading\"><h3 class=\"dblh__title-wrapper\"><span class=\"dblh__title dblh__title-1\"><span>Turite klausim\u0173? Susisiekite su mumis<\/span><\/span><\/h3><\/div>\t\t\t\t<\/div>\n\t\t\t\t<\/div>\n\t\t\t\t<div class=\"elementor-element elementor-element-99643ef elementor-widget elementor-widget-text-editor\" data-id=\"99643ef\" data-element_type=\"widget\" data-widget_type=\"text-editor.default\">\n\t\t\t\t<div class=\"elementor-widget-container\">\n\t\t\t\t\t\t\t\t\t<p>J\u016bs\u0173 el. pa\u0161to adresas nebus skelbiamas. Privalomi laukai pa\u017eym\u0117ti *<\/p>\t\t\t\t\t\t\t\t<\/div>\n\t\t\t\t<\/div>\n\t\t\t\t<\/div>\n\t\t\t\t<\/div>\n\t\t\t\t<div class=\"elementor-element elementor-element-7fc1d48 elementor-widget elementor-widget-spacer\" data-id=\"7fc1d48\" data-element_type=\"widget\" data-widget_type=\"spacer.default\">\n\t\t\t\t<div class=\"elementor-widget-container\">\n\t\t\t\t\t\t\t<div class=\"elementor-spacer\">\n\t\t\t<div class=\"elementor-spacer-inner\"><\/div>\n\t\t<\/div>\n\t\t\t\t\t\t<\/div>\n\t\t\t\t<\/div>\n\t\t\t\t\t<\/div>\n\t\t\t\t<\/div>\n\t\t\t\t<\/div>","protected":false},"excerpt":{"rendered":"<p>Our contacts Get in touch Let\u2019s talk about how we can help you improve employee wellbeing and make payments or tipping easier for your team. Give us a call, send us an email, or fill out the contact form \u2014 we\u2019re always happy to help. General Inquiries hello@QrandPay.com Have a questions? Contact us Your email [&hellip;]<\/p>","protected":false},"author":1,"featured_media":0,"parent":0,"menu_order":0,"comment_status":"closed","ping_status":"closed","template":"","meta":{"om_disable_all_campaigns":false,"footnotes":""},"class_list":["post-371","page","type-page","status-publish","hentry"],"aioseo_notices":[],"_links":{"self":[{"href":"https:\/\/qrandpay.com\/lt\/wp-json\/wp\/v2\/pages\/371","targetHints":{"allow":["GET"]}}],"collection":[{"href":"https:\/\/qrandpay.com\/lt\/wp-json\/wp\/v2\/pages"}],"about":[{"href":"https:\/\/qrandpay.com\/lt\/wp-json\/wp\/v2\/types\/page"}],"author":[{"embeddable":true,"href":"https:\/\/qrandpay.com\/lt\/wp-json\/wp\/v2\/users\/1"}],"replies":[{"embeddable":true,"href":"https:\/\/qrandpay.com\/lt\/wp-json\/wp\/v2\/comments?post=371"}],"version-history":[{"count":0,"href":"https:\/\/qrandpay.com\/lt\/wp-json\/wp\/v2\/pages\/371\/revisions"}],"wp:attachment":[{"href":"https:\/\/qrandpay.com\/lt\/wp-json\/wp\/v2\/media?parent=371"}],"curies":[{"name":"wp","href":"https:\/\/api.w.org\/{rel}","templated":true}]}}