{"id":366,"date":"2024-07-01T15:27:12","date_gmt":"2024-07-01T15:27:12","guid":{"rendered":"https:\/\/wgl-dsites.net\/poity\/?page_id=366"},"modified":"2025-04-20T20:13:00","modified_gmt":"2025-04-20T20:13:00","slug":"about","status":"publish","type":"page","link":"https:\/\/qrandpay.com\/lt\/about\/","title":{"rendered":"About"},"content":{"rendered":"<div data-elementor-type=\"wp-page\" data-elementor-id=\"366\" class=\"elementor elementor-366\">\n\t\t\t\t<div class=\"elementor-element elementor-element-ec7d5ea e-flex e-con-boxed e-con e-parent\" data-id=\"ec7d5ea\" data-element_type=\"container\" data-settings=\"{&quot;background_background&quot;:&quot;classic&quot;}\">\n\t\t\t\t\t<div class=\"e-con-inner\">\n\t\t<div class=\"elementor-element elementor-element-865797c e-con-full e-flex e-con e-child\" data-id=\"865797c\" data-element_type=\"container\" data-settings=\"{&quot;background_background&quot;:&quot;classic&quot;}\">\n\t\t<div class=\"elementor-element elementor-element-f832413 e-con-full e-flex e-con e-child\" data-id=\"f832413\" data-element_type=\"container\" data-settings=\"{&quot;background_background&quot;:&quot;classic&quot;}\">\n\t\t\t\t<\/div>\n\t\t<div class=\"elementor-element elementor-element-7aa7496 e-con-full e-flex e-con e-child\" data-id=\"7aa7496\" data-element_type=\"container\">\n\t\t\t\t<div class=\"elementor-element elementor-element-3804056 elementor-widget elementor-widget-spacer\" data-id=\"3804056\" data-element_type=\"widget\" data-widget_type=\"spacer.default\">\n\t\t\t\t<div class=\"elementor-widget-container\">\n\t\t\t\t\t\t\t<div class=\"elementor-spacer\">\n\t\t\t<div class=\"elementor-spacer-inner\"><\/div>\n\t\t<\/div>\n\t\t\t\t\t\t<\/div>\n\t\t\t\t<\/div>\n\t\t\t\t<div class=\"elementor-element elementor-element-5eb6366 elementor-widget__width-initial wgl-curve-yes appear_anim-yes aleft elementor-widget elementor-widget-wgl-double-heading\" data-id=\"5eb6366\" data-element_type=\"widget\" data-widget_type=\"wgl-double-heading.default\">\n\t\t\t\t<div class=\"elementor-widget-container\">\n\t\t\t\t\t<div class=\"wgl-double-heading\"><div class=\"dblh__subtitle\"><span class=\"wgl-curve-wrapper\"><svg class=\"wgl-curve\" width=\"60\" height=\"65\" viewbox=\"0 0 60 65\" fill=\"none\" xmlns=\"http:\/\/www.w3.org\/2000\/svg\" style=\"opacity: 1;\"><path d=\"M4 50.3738C6.33188 44.3776 11.3965 38.6251 15.5556 33.8183C24.367 23.6346 34.1732 12.2168 45.5556 4.81827C52.2417 0.472251 45.228 14.7829 44.6667 16.2627C39.1895 30.7025 30.3031 44.0202 25.4444 58.5961C25.2768 59.0991 24.863 59.6829 25.1111 60.1516C25.7127 61.2879 26.9245 58.3126 27.6667 57.2627C31.5692 51.742 35.258 46.0383 38.9444 40.3738C39.5538 39.4376 52.5073 16.683 54.7778 17.8183C57.6632 19.261 46.2229 40.934 44.8889 43.0961C41.5948 48.4348 47.1912 44.6505 50 43.3738\" stroke=\"unset\" stroke-linecap=\"round\"\/><\/svg><\/span>K\u0105 mes si\u016blome<\/div><h3 class=\"dblh__title-wrapper\"><span class=\"dblh__title dblh__title-1\"><span>Service that enables customers to conveniently leave payments and tips via QR codes or other digital links<\/span><\/span><\/h3><\/div>\t\t\t\t<\/div>\n\t\t\t\t<\/div>\n\t\t\t\t<div class=\"elementor-element elementor-element-5dec975 elementor-widget elementor-widget-spacer\" data-id=\"5dec975\" data-element_type=\"widget\" data-widget_type=\"spacer.default\">\n\t\t\t\t<div class=\"elementor-widget-container\">\n\t\t\t\t\t\t\t<div class=\"elementor-spacer\">\n\t\t\t<div class=\"elementor-spacer-inner\"><\/div>\n\t\t<\/div>\n\t\t\t\t\t\t<\/div>\n\t\t\t\t<\/div>\n\t\t\t\t<div class=\"elementor-element elementor-element-96c8e53 elementor-widget elementor-widget-spacer\" data-id=\"96c8e53\" data-element_type=\"widget\" data-widget_type=\"spacer.default\">\n\t\t\t\t<div class=\"elementor-widget-container\">\n\t\t\t\t\t\t\t<div class=\"elementor-spacer\">\n\t\t\t<div class=\"elementor-spacer-inner\"><\/div>\n\t\t<\/div>\n\t\t\t\t\t\t<\/div>\n\t\t\t\t<\/div>\n\t\t\t\t<div class=\"elementor-element elementor-element-0819b72 elementor-widget elementor-widget-spacer\" data-id=\"0819b72\" data-element_type=\"widget\" data-widget_type=\"spacer.default\">\n\t\t\t\t<div class=\"elementor-widget-container\">\n\t\t\t\t\t\t\t<div class=\"elementor-spacer\">\n\t\t\t<div class=\"elementor-spacer-inner\"><\/div>\n\t\t<\/div>\n\t\t\t\t\t\t<\/div>\n\t\t\t\t<\/div>\n\t\t\t\t<\/div>\n\t\t\t\t<\/div>\n\t\t\t\t<div class=\"elementor-element elementor-element-f89122a elementor-widget elementor-widget-spacer\" data-id=\"f89122a\" data-element_type=\"widget\" data-widget_type=\"spacer.default\">\n\t\t\t\t<div class=\"elementor-widget-container\">\n\t\t\t\t\t\t\t<div class=\"elementor-spacer\">\n\t\t\t<div class=\"elementor-spacer-inner\"><\/div>\n\t\t<\/div>\n\t\t\t\t\t\t<\/div>\n\t\t\t\t<\/div>\n\t\t\t\t\t<\/div>\n\t\t\t\t<\/div>\n\t\t<div class=\"elementor-element elementor-element-f9ac46e e-flex e-con-boxed e-con e-parent\" data-id=\"f9ac46e\" data-element_type=\"container\">\n\t\t\t\t\t<div class=\"e-con-inner\">\n\t\t\t\t<div class=\"elementor-element elementor-element-afa0eba acenter wgl-curve-yes appear_anim-yes elementor-widget elementor-widget-wgl-double-heading\" data-id=\"afa0eba\" data-element_type=\"widget\" data-widget_type=\"wgl-double-heading.default\">\n\t\t\t\t<div class=\"elementor-widget-container\">\n\t\t\t\t\t<div class=\"wgl-double-heading\"><div class=\"dblh__subtitle\"><span class=\"wgl-curve-wrapper\"><svg class=\"wgl-curve\" width=\"60\" height=\"65\" viewbox=\"0 0 60 65\" fill=\"none\" xmlns=\"http:\/\/www.w3.org\/2000\/svg\" style=\"opacity: 1;\"><path d=\"M4 50.3738C6.33188 44.3776 11.3965 38.6251 15.5556 33.8183C24.367 23.6346 34.1732 12.2168 45.5556 4.81827C52.2417 0.472251 45.228 14.7829 44.6667 16.2627C39.1895 30.7025 30.3031 44.0202 25.4444 58.5961C25.2768 59.0991 24.863 59.6829 25.1111 60.1516C25.7127 61.2879 26.9245 58.3126 27.6667 57.2627C31.5692 51.742 35.258 46.0383 38.9444 40.3738C39.5538 39.4376 52.5073 16.683 54.7778 17.8183C57.6632 19.261 46.2229 40.934 44.8889 43.0961C41.5948 48.4348 47.1912 44.6505 50 43.3738\" stroke=\"unset\" stroke-linecap=\"round\"\/><\/svg><\/span>How it works<\/div><h3 class=\"dblh__title-wrapper\"><span class=\"dblh__title dblh__title-1\"><span>App Benefits<\/span><\/span><\/h3><\/div>\t\t\t\t<\/div>\n\t\t\t\t<\/div>\n\t\t\t\t<div class=\"elementor-element elementor-element-4aee195 elementor-widget elementor-widget-spacer\" data-id=\"4aee195\" data-element_type=\"widget\" data-widget_type=\"spacer.default\">\n\t\t\t\t<div class=\"elementor-widget-container\">\n\t\t\t\t\t\t\t<div class=\"elementor-spacer\">\n\t\t\t<div class=\"elementor-spacer-inner\"><\/div>\n\t\t<\/div>\n\t\t\t\t\t\t<\/div>\n\t\t\t\t<\/div>\n\t\t\t\t\t<\/div>\n\t\t\t\t<\/div>\n\t\t<div class=\"elementor-element elementor-element-4555de4 e-flex e-con-boxed e-con e-parent\" data-id=\"4555de4\" data-element_type=\"container\">\n\t\t\t\t\t<div class=\"e-con-inner\">\n\t\t<div class=\"elementor-element elementor-element-70b19f5 e-con-full e-flex e-con e-child\" data-id=\"70b19f5\" data-element_type=\"container\" data-settings=\"{&quot;background_background&quot;:&quot;classic&quot;}\">\n\t\t\t\t<div class=\"elementor-element elementor-element-efdc1db elementor-widget elementor-widget-spacer\" data-id=\"efdc1db\" data-element_type=\"widget\" data-widget_type=\"spacer.default\">\n\t\t\t\t<div class=\"elementor-widget-container\">\n\t\t\t\t\t\t\t<div class=\"elementor-spacer\">\n\t\t\t<div class=\"elementor-spacer-inner\"><\/div>\n\t\t<\/div>\n\t\t\t\t\t\t<\/div>\n\t\t\t\t<\/div>\n\t\t<div class=\"elementor-element elementor-element-659953f e-flex e-con-boxed e-con e-child\" data-id=\"659953f\" data-element_type=\"container\">\n\t\t\t\t\t<div class=\"e-con-inner\">\n\t\t<div class=\"elementor-element elementor-element-f1d253e e-con-full e-flex e-con e-child\" data-id=\"f1d253e\" data-element_type=\"container\">\n\t\t\t\t<div class=\"elementor-element elementor-element-e6793b4 elementor-widget elementor-widget-wgl-tabs\" data-id=\"e6793b4\" data-element_type=\"widget\" data-widget_type=\"wgl-tabs.default\">\n\t\t\t\t<div class=\"elementor-widget-container\">\n\t\t\t\t\t<div class=\"wgl-tabs wgl-tabs_swiper-wrapper tabs_align-left\">\r\n            <div class=\"wgl-tabs_headings-wrap swiper\">\r\n                <div class=\"wgl-tabs_headings swiper-wrapper\"><h4 data-tab-id=\"wgl-tab_2411\" class=\"wgl-tabs_header swiper-slide\">\r\n                    <span class=\"wgl-tabs_title\">Connectivity<\/span>\r\n\r\n                    \r\n                <\/h4><h4 data-tab-id=\"wgl-tab_2412\" class=\"wgl-tabs_header swiper-slide\">\r\n                    <span class=\"wgl-tabs_title\">Communication<\/span>\r\n\r\n                    \r\n                <\/h4><h4 data-tab-id=\"wgl-tab_2413\" class=\"wgl-tabs_header swiper-slide\">\r\n                    <span class=\"wgl-tabs_title\">Networking<\/span>\r\n\r\n                    \r\n                <\/h4><h4 data-tab-id=\"wgl-tab_2414\" class=\"wgl-tabs_header swiper-slide\">\r\n                    <span class=\"wgl-tabs_title\">Discovery<\/span>\r\n\r\n                    \r\n                <\/h4><h4 data-tab-id=\"wgl-tab_2415\" class=\"wgl-tabs_header swiper-slide\">\r\n                    <span class=\"wgl-tabs_title\">Collaboration<\/span>\r\n\r\n                    \r\n                <\/h4><\/div>\r\n        <\/div>\r\n\r\n        <div class=\"wgl-tabs_content-wrap\">                <div data-tab-id=\"wgl-tab_2411\" class=\"wgl-tabs_content\">\r\n                    \t\t<div data-elementor-type=\"container\" data-elementor-id=\"623\" class=\"elementor elementor-623\">\n\t\t\t\t<div class=\"elementor-element elementor-element-1fe2297 e-flex e-con-boxed e-con e-parent\" data-id=\"1fe2297\" data-element_type=\"container\">\n\t\t\t\t\t<div class=\"e-con-inner\">\n\t\t<div class=\"elementor-element elementor-element-ac9d8b5 e-con-full e-flex e-con e-child\" data-id=\"ac9d8b5\" data-element_type=\"container\">\n\t\t\t\t<div class=\"elementor-element elementor-element-c6583ae aleft elementor-widget elementor-widget-wgl-double-heading\" data-id=\"c6583ae\" data-element_type=\"widget\" data-widget_type=\"wgl-double-heading.default\">\n\t\t\t\t<div class=\"elementor-widget-container\">\n\t\t\t\t\t<div class=\"wgl-double-heading\"><h3 class=\"dblh__title-wrapper\"><span class=\"dblh__title dblh__title-1\"><span>Leiskite sve\u010diams apmok\u0117ti s\u0105skaitas ir palikti arbatpinigi\u0173 tiesiai nuo j\u0173 stalo. <\/span><\/span><\/h3><div class=\"dblh__content\"><p>Nereikia laukti padav\u0117jo, nereikia jokios \u012frangos. Greitesn\u0117 klient\u0173 apyvarta, geresn\u0117 klient\u0173 patirtis ir daugiau arbatpinigi\u0173 j\u016bs\u0173 darbuotojams.<\/p><\/div><\/div>\t\t\t\t<\/div>\n\t\t\t\t<\/div>\n\t\t\t\t<\/div>\n\t\t<div class=\"elementor-element elementor-element-5846504 e-con-full e-flex e-con e-child\" data-id=\"5846504\" data-element_type=\"container\">\n\t\t\t\t<div class=\"elementor-element elementor-element-52fa56b elementor-widget elementor-widget-image\" data-id=\"52fa56b\" data-element_type=\"widget\" data-widget_type=\"image.default\">\n\t\t\t\t<div class=\"elementor-widget-container\">\n\t\t\t\t\t\t\t\t\t\t\t\t\t\t\t<img fetchpriority=\"high\" decoding=\"async\" width=\"768\" height=\"432\" src=\"https:\/\/qrandpay.com\/wp-content\/uploads\/2024\/07\/Untitled-design-16-2-768x432.png\" class=\"attachment-medium_large size-medium_large wp-image-4071\" alt=\"\" srcset=\"https:\/\/qrandpay.com\/wp-content\/uploads\/2024\/07\/Untitled-design-16-2-768x432.png 768w, https:\/\/qrandpay.com\/wp-content\/uploads\/2024\/07\/Untitled-design-16-2-300x169.png 300w, https:\/\/qrandpay.com\/wp-content\/uploads\/2024\/07\/Untitled-design-16-2-1024x576.png 1024w, https:\/\/qrandpay.com\/wp-content\/uploads\/2024\/07\/Untitled-design-16-2.png 1366w\" sizes=\"(max-width: 768px) 100vw, 768px\" \/>\t\t\t\t\t\t\t\t\t\t\t\t\t\t\t<\/div>\n\t\t\t\t<\/div>\n\t\t\t\t<\/div>\n\t\t\t\t\t<\/div>\n\t\t\t\t<\/div>\n\t\t\t\t<\/div>\n\t\t                <\/div>\r\n\r\n                            <div data-tab-id=\"wgl-tab_2412\" class=\"wgl-tabs_content\">\r\n                    \t\t<div data-elementor-type=\"container\" data-elementor-id=\"3253\" class=\"elementor elementor-3253\">\n\t\t\t\t<div class=\"elementor-element elementor-element-e2d8a3a e-flex e-con-boxed e-con e-parent\" data-id=\"e2d8a3a\" data-element_type=\"container\">\n\t\t\t\t\t<div class=\"e-con-inner\">\n\t\t<div class=\"elementor-element elementor-element-c6620a0 e-con-full e-flex e-con e-child\" data-id=\"c6620a0\" data-element_type=\"container\">\n\t\t\t\t<div class=\"elementor-element elementor-element-5c2bfcf aleft elementor-widget elementor-widget-wgl-double-heading\" data-id=\"5c2bfcf\" data-element_type=\"widget\" data-widget_type=\"wgl-double-heading.default\">\n\t\t\t\t<div class=\"elementor-widget-container\">\n\t\t\t\t\t<div class=\"wgl-double-heading\"><h3 class=\"dblh__title-wrapper\"><span class=\"dblh__title dblh__title-1\"><span>Puikiai tinka savitarnos kavin\u0117ms ir kavos parduotuv\u0117ms. <\/span><\/span><\/h3><div class=\"dblh__content\"><p>Pritvirtinkite QR kodus arba NFC \u017eymas ant stal\u0173, prekystali\u0173 ar i\u0161sine\u0161tinio maisto pakuo\u010di\u0173. Klientai gali sumok\u0117ti arba palikti arbatpinigi\u0173 akimirksniu \u2013 net kai esate u\u017esi\u0117m\u0119.<\/p><\/div><\/div>\t\t\t\t<\/div>\n\t\t\t\t<\/div>\n\t\t\t\t<\/div>\n\t\t<div class=\"elementor-element elementor-element-d2cc9c1 e-con-full e-flex e-con e-child\" data-id=\"d2cc9c1\" data-element_type=\"container\">\n\t\t\t\t<div class=\"elementor-element elementor-element-22b45cb elementor-widget__width-initial elementor-widget elementor-widget-wgl-image-layers\" data-id=\"22b45cb\" data-element_type=\"widget\" data-widget_type=\"wgl-image-layers.default\">\n\t\t\t\t<div class=\"elementor-widget-container\">\n\t\t\t\t\t<div class=\"wgl-image-layers\"><div class=\"img-layer_image-wrapper elementor-repeater-item-91478f5\" style=\"z-index: 1\">\r\n                <div class=\"img-layer_item\">\r\n                    <div class=\"img-layer_image\" style=\"transition-delay: 500ms;\">\r\n                        <img decoding=\"async\" src=\"https:\/\/qrandpay.com\/wp-content\/uploads\/2024\/07\/Untitled-design-19.png\" alt=\"Untitled design (19)\" \/>\r\n                    <\/div>\r\n                <\/div>\r\n            <\/div> <\/div>\t\t\t\t<\/div>\n\t\t\t\t<\/div>\n\t\t\t\t<div class=\"elementor-element elementor-element-d5ad5c1 elementor-widget elementor-widget-spacer\" data-id=\"d5ad5c1\" data-element_type=\"widget\" data-widget_type=\"spacer.default\">\n\t\t\t\t<div class=\"elementor-widget-container\">\n\t\t\t\t\t\t\t<div class=\"elementor-spacer\">\n\t\t\t<div class=\"elementor-spacer-inner\"><\/div>\n\t\t<\/div>\n\t\t\t\t\t\t<\/div>\n\t\t\t\t<\/div>\n\t\t\t\t<\/div>\n\t\t\t\t\t<\/div>\n\t\t\t\t<\/div>\n\t\t\t\t<\/div>\n\t\t                <\/div>\r\n\r\n                            <div data-tab-id=\"wgl-tab_2413\" class=\"wgl-tabs_content\">\r\n                    \t\t<div data-elementor-type=\"container\" data-elementor-id=\"3254\" class=\"elementor elementor-3254\">\n\t\t\t\t<div class=\"elementor-element elementor-element-e531d59 e-flex e-con-boxed e-con e-parent\" data-id=\"e531d59\" data-element_type=\"container\">\n\t\t\t\t\t<div class=\"e-con-inner\">\n\t\t<div class=\"elementor-element elementor-element-e998918 e-con-full e-flex e-con e-child\" data-id=\"e998918\" data-element_type=\"container\">\n\t\t\t\t<div class=\"elementor-element elementor-element-40c7a09 aleft elementor-widget elementor-widget-wgl-double-heading\" data-id=\"40c7a09\" data-element_type=\"widget\" data-widget_type=\"wgl-double-heading.default\">\n\t\t\t\t<div class=\"elementor-widget-container\">\n\t\t\t\t\t<div class=\"wgl-double-heading\"><h3 class=\"dblh__title-wrapper\"><span class=\"dblh__title dblh__title-1\"><span>Padarykite arbatpinigius bare skland\u017eius. <\/span><\/span><\/h3><div class=\"dblh__content\"><p>Naudodami QR arba NFC, klientai gali palikti arbatpinigi\u0173 savo m\u0117gstamiausiam barmenui per kelias sekundes \u2013 be gryn\u0173j\u0173 pinig\u0173.<\/p><\/div><\/div>\t\t\t\t<\/div>\n\t\t\t\t<\/div>\n\t\t\t\t<\/div>\n\t\t<div class=\"elementor-element elementor-element-a5bc898 e-con-full e-flex e-con e-child\" data-id=\"a5bc898\" data-element_type=\"container\">\n\t\t\t\t<div class=\"elementor-element elementor-element-679b66d elementor-widget__width-initial elementor-widget elementor-widget-wgl-image-layers\" data-id=\"679b66d\" data-element_type=\"widget\" data-widget_type=\"wgl-image-layers.default\">\n\t\t\t\t<div class=\"elementor-widget-container\">\n\t\t\t\t\t<div class=\"wgl-image-layers\"><div class=\"img-layer_image-wrapper elementor-repeater-item-91478f5\" style=\"z-index: 1\">\r\n                <div class=\"img-layer_item\">\r\n                    <div class=\"img-layer_image\" style=\"transition-delay: 500ms;\">\r\n                        <img decoding=\"async\" src=\"https:\/\/qrandpay.com\/wp-content\/uploads\/2024\/07\/Untitled-design-13.png\" alt=\"Untitled design (13)\" \/>\r\n                    <\/div>\r\n                <\/div>\r\n            <\/div> <\/div>\t\t\t\t<\/div>\n\t\t\t\t<\/div>\n\t\t\t\t<\/div>\n\t\t\t\t\t<\/div>\n\t\t\t\t<\/div>\n\t\t\t\t<\/div>\n\t\t                <\/div>\r\n\r\n                            <div data-tab-id=\"wgl-tab_2414\" class=\"wgl-tabs_content\">\r\n                    \t\t<div data-elementor-type=\"container\" data-elementor-id=\"3255\" class=\"elementor elementor-3255\">\n\t\t\t\t<div class=\"elementor-element elementor-element-63cccc8 e-flex e-con-boxed e-con e-parent\" data-id=\"63cccc8\" data-element_type=\"container\">\n\t\t\t\t\t<div class=\"e-con-inner\">\n\t\t<div class=\"elementor-element elementor-element-a3f2b79 e-con-full e-flex e-con e-child\" data-id=\"a3f2b79\" data-element_type=\"container\">\n\t\t\t\t<div class=\"elementor-element elementor-element-c5278c0 aleft elementor-widget elementor-widget-wgl-double-heading\" data-id=\"c5278c0\" data-element_type=\"widget\" data-widget_type=\"wgl-double-heading.default\">\n\t\t\t\t<div class=\"elementor-widget-container\">\n\t\t\t\t\t<div class=\"wgl-double-heading\"><h3 class=\"dblh__title-wrapper\"><span class=\"dblh__title dblh__title-1\"><span>Nuo registrat\u016bros iki patalp\u0173 tvarkymo \u2013 kiekvienas darbuotojas gali tur\u0117ti savo arbatpinigi\u0173 lap\u0105.<\/span><\/span><\/h3><div class=\"dblh__content\"><p class=\"\" data-start=\"852\" data-end=\"998\">Sve\u010diai gali palikti arbatpinigi\u0173 u\u017e puik\u0173 aptarnavim\u0105 bet kada ir bet kur.<\/p><\/div><\/div>\t\t\t\t<\/div>\n\t\t\t\t<\/div>\n\t\t\t\t<\/div>\n\t\t<div class=\"elementor-element elementor-element-abef887 e-con-full e-flex e-con e-child\" data-id=\"abef887\" data-element_type=\"container\">\n\t\t\t\t<div class=\"elementor-element elementor-element-69f916e elementor-widget__width-initial elementor-widget elementor-widget-wgl-image-layers\" data-id=\"69f916e\" data-element_type=\"widget\" data-widget_type=\"wgl-image-layers.default\">\n\t\t\t\t<div class=\"elementor-widget-container\">\n\t\t\t\t\t<div class=\"wgl-image-layers\"><div class=\"img-layer_image-wrapper elementor-repeater-item-517f07c\" style=\"z-index: 1\">\r\n                <div class=\"img-layer_item\">\r\n                    <div class=\"img-layer_image\" style=\"transition-delay: 500ms;\">\r\n                        <img decoding=\"async\" src=\"https:\/\/qrandpay.com\/wp-content\/uploads\/2024\/07\/Untitled-design-15-1.png\" alt=\"Untitled design (15)\" \/>\r\n                    <\/div>\r\n                <\/div>\r\n            <\/div> <\/div>\t\t\t\t<\/div>\n\t\t\t\t<\/div>\n\t\t\t\t<\/div>\n\t\t\t\t\t<\/div>\n\t\t\t\t<\/div>\n\t\t\t\t<\/div>\n\t\t                <\/div>\r\n\r\n                            <div data-tab-id=\"wgl-tab_2415\" class=\"wgl-tabs_content\">\r\n                    \t\t<div data-elementor-type=\"container\" data-elementor-id=\"3256\" class=\"elementor elementor-3256\">\n\t\t\t\t<div class=\"elementor-element elementor-element-670ac66 e-flex e-con-boxed e-con e-parent\" data-id=\"670ac66\" data-element_type=\"container\">\n\t\t\t\t\t<div class=\"e-con-inner\">\n\t\t<div class=\"elementor-element elementor-element-755d491 e-con-full e-flex e-con e-child\" data-id=\"755d491\" data-element_type=\"container\">\n\t\t\t\t<div class=\"elementor-element elementor-element-670abae aleft elementor-widget elementor-widget-wgl-double-heading\" data-id=\"670abae\" data-element_type=\"widget\" data-widget_type=\"wgl-double-heading.default\">\n\t\t\t\t<div class=\"elementor-widget-container\">\n\t\t\t\t\t<div class=\"wgl-double-heading\"><h3 class=\"dblh__title-wrapper\"><span class=\"dblh__title dblh__title-1\"><span>Gro\u017eis ir gerov\u0117,\nTaksi ir renginiai\n<\/span><\/span><\/h3><\/div>\t\t\t\t<\/div>\n\t\t\t\t<\/div>\n\t\t\t\t<div class=\"elementor-element elementor-element-d15e678 elementor-widget elementor-widget-text-editor\" data-id=\"d15e678\" data-element_type=\"widget\" data-widget_type=\"text-editor.default\">\n\t\t\t\t<div class=\"elementor-widget-container\">\n\t\t\t\t\t\t\t\t\t<p class=\"\" data-start=\"1029\" data-end=\"1166\">Kirp\u0117jai, barzdasku\u010diai, nag\u0173 dailininkai, masa\u017eo terapeutai \u2013 sukurkite asmenin\u0119 mok\u0117jimo nuorod\u0105 arba QR kod\u0105, kad gal\u0117tum\u0117te lengvai gauti arbatpinigi\u0173 po kiekvienos paslaugos. Taksi vairuotojai, kurjeriai, gatv\u0117s artistai, rengini\u0173 personalas \u2013 leiskite savo klientams parodyti d\u0117kingum\u0105 greitai ir saugiai duodami arbatpinigius per QR kod\u0105, NFC \u017eym\u0105 arba nuorod\u0105.<\/p>\t\t\t\t\t\t\t\t<\/div>\n\t\t\t\t<\/div>\n\t\t\t\t<\/div>\n\t\t<div class=\"elementor-element elementor-element-b8d3da7 e-con-full e-flex e-con e-child\" data-id=\"b8d3da7\" data-element_type=\"container\">\n\t\t\t\t<div class=\"elementor-element elementor-element-ab68a19 elementor-widget elementor-widget-image\" data-id=\"ab68a19\" data-element_type=\"widget\" data-widget_type=\"image.default\">\n\t\t\t\t<div class=\"elementor-widget-container\">\n\t\t\t\t\t\t\t\t\t\t\t\t\t\t\t<img decoding=\"async\" src=\"https:\/\/qrandpay.com\/wp-content\/uploads\/elementor\/thumbs\/Untitled-design-17-r4b9rzo455x58mdk0zt94xijru50yxv81b8bwlpjl4.png\" title=\"Untitled design (17)\" alt=\"Untitled design (17)\" loading=\"lazy\" \/>\t\t\t\t\t\t\t\t\t\t\t\t\t\t\t<\/div>\n\t\t\t\t<\/div>\n\t\t\t\t<\/div>\n\t\t\t\t\t<\/div>\n\t\t\t\t<\/div>\n\t\t\t\t<\/div>\n\t\t                <\/div>\r\n\r\n                    <\/div>\r\n        <\/div><!-- .wgl-tabs -->\r\n        \t\t\t\t<\/div>\n\t\t\t\t<\/div>\n\t\t\t\t<\/div>\n\t\t\t\t\t<\/div>\n\t\t\t\t<\/div>\n\t\t\t\t<\/div>\n\t\t\t\t\t<\/div>\n\t\t\t\t<\/div>\n\t\t<div class=\"elementor-element elementor-element-cced64a e-flex e-con-boxed e-con e-parent\" data-id=\"cced64a\" data-element_type=\"container\">\n\t\t\t\t\t<div class=\"e-con-inner\">\n\t\t<div class=\"elementor-element elementor-element-6bcaeaf e-con-full e-flex e-con e-child\" data-id=\"6bcaeaf\" data-element_type=\"container\">\n\t\t\t\t<\/div>\n\t\t<div class=\"elementor-element elementor-element-7a18e9b e-con-full e-flex e-con e-child\" data-id=\"7a18e9b\" data-element_type=\"container\">\n\t\t\t\t<\/div>\n\t\t\t\t\t<\/div>\n\t\t\t\t<\/div>\n\t\t\t\t<\/div>","protected":false},"excerpt":{"rendered":"<p>What we offer Service that enables customers to conveniently leave payments and tips via QR codes or other digital links How it works App Benefits Connectivity Communication Networking Discovery Collaboration Let your guests pay the bill and leave a tip right from their table. No waiting for the waiter, no hardware needed. Faster turnover, better [&hellip;]<\/p>","protected":false},"author":1,"featured_media":0,"parent":0,"menu_order":0,"comment_status":"closed","ping_status":"closed","template":"","meta":{"om_disable_all_campaigns":false,"footnotes":""},"class_list":["post-366","page","type-page","status-publish","hentry"],"aioseo_notices":[],"_links":{"self":[{"href":"https:\/\/qrandpay.com\/lt\/wp-json\/wp\/v2\/pages\/366","targetHints":{"allow":["GET"]}}],"collection":[{"href":"https:\/\/qrandpay.com\/lt\/wp-json\/wp\/v2\/pages"}],"about":[{"href":"https:\/\/qrandpay.com\/lt\/wp-json\/wp\/v2\/types\/page"}],"author":[{"embeddable":true,"href":"https:\/\/qrandpay.com\/lt\/wp-json\/wp\/v2\/users\/1"}],"replies":[{"embeddable":true,"href":"https:\/\/qrandpay.com\/lt\/wp-json\/wp\/v2\/comments?post=366"}],"version-history":[{"count":0,"href":"https:\/\/qrandpay.com\/lt\/wp-json\/wp\/v2\/pages\/366\/revisions"}],"wp:attachment":[{"href":"https:\/\/qrandpay.com\/lt\/wp-json\/wp\/v2\/media?parent=366"}],"curies":[{"name":"wp","href":"https:\/\/api.w.org\/{rel}","templated":true}]}}